{"id":18153,"date":"2024-11-24T13:54:01","date_gmt":"2024-11-24T16:54:01","guid":{"rendered":"http:\/\/wpresidence.net\/?page_id=13"},"modified":"2025-01-03T10:20:42","modified_gmt":"2025-01-03T13:20:42","slug":"politica-privacidad-2","status":"publish","type":"page","link":"https:\/\/ripapropiedades.com.ar\/index.php\/politica-privacidad-2\/","title":{"rendered":"Pol\u00edticas de privacidad"},"content":{"rendered":"\n<p>Esta Pol\u00edtica de privacidad rige la manera en que Organizaci\u00f3n CR recopila, usa, mantiene y divulga la informaci\u00f3n recopilada de los usuarios (cada uno, un &#8220;Usuario&#8221;) del sitio web www.ripapropiedades.com.ar. Esta pol\u00edtica de privacidad se aplica al Sitio y a todos los productos y servicios ofrecidos por Organizaci\u00f3n CR.<\/p>\n\n\n\n<p><strong>Informaci\u00f3n de identificaci\u00f3n personal<\/strong><\/p>\n\n\n\n<p>Podemos recopilar informaci\u00f3n de identificaci\u00f3n personal de los Usuarios de diversas formas en relaci\u00f3n con las actividades, servicios, funciones o recursos que ponemos a disposici\u00f3n en nuestro Sitio. Los usuarios pueden visitar nuestro Sitio de forma an\u00f3nima. Recopilaremos informaci\u00f3n de identificaci\u00f3n personal de los Usuarios solo si nos env\u00edan dicha informaci\u00f3n de forma voluntaria. Los usuarios siempre pueden negarse a proporcionar informaci\u00f3n de identificaci\u00f3n personal, excepto que esto pueda impedirles participar en ciertas actividades relacionadas con el Sitio.<\/p>\n\n\n\n<p><strong>Informaci\u00f3n de identificaci\u00f3n no personal<\/strong><\/p>\n\n\n\n<p>Podemos recopilar informaci\u00f3n de identificaci\u00f3n no personal sobre los Usuarios siempre que interact\u00faen con nuestro Sitio. La informaci\u00f3n de identificaci\u00f3n no personal puede incluir el nombre del navegador, el tipo de computadora e informaci\u00f3n t\u00e9cnica sobre los medios de conexi\u00f3n de los Usuarios a nuestro Sitio, como el sistema operativo y los proveedores de servicios de Internet utilizados y otra informaci\u00f3n similar.<\/p>\n\n\n\n<p><strong>Cookies del navegador web<\/strong><\/p>\n\n\n\n<p>Nuestro sitio puede utilizar &#8220;cookies&#8221; para mejorar la experiencia del usuario. El navegador web del usuario coloca cookies en su disco duro con fines de mantenimiento de registros y, a veces, para rastrear informaci\u00f3n sobre ellos. El usuario puede optar por configurar su navegador web para que rechace las cookies o para que le avise cuando se env\u00eden cookies. Si lo hace, tenga en cuenta que algunas partes del sitio pueden no funcionar correctamente.<\/p>\n\n\n\n<p><strong>C\u00f3mo protegemos su informaci\u00f3n<\/strong><\/p>\n\n\n\n<p>Adoptamos pr\u00e1cticas adecuadas de recopilaci\u00f3n, almacenamiento y procesamiento de datos y medidas de seguridad para proteger contra el acceso no autorizado, la alteraci\u00f3n, la divulgaci\u00f3n o la destrucci\u00f3n de su informaci\u00f3n personal, nombre de usuario, contrase\u00f1a, informaci\u00f3n de transacciones y datos almacenados en nuestro sitio.<\/p>\n\n\n\n<p><strong>Compartir su informaci\u00f3n personal<\/strong><\/p>\n\n\n\n<p>No vendemos, intercambiamos ni alquilamos la informaci\u00f3n de identificaci\u00f3n personal de los usuarios a terceros. Podemos compartir informaci\u00f3n demogr\u00e1fica gen\u00e9rica agregada no vinculada a ninguna informaci\u00f3n de identificaci\u00f3n personal sobre visitantes y usuarios con nuestros socios comerciales, afiliados de confianza y anunciantes para los fines descritos anteriormente.<\/p>\n\n\n\n<p><strong>Cambios a esta pol\u00edtica de privacidad<\/strong><\/p>\n\n\n\n<p><strong>Organizaci\u00f3n CR<\/strong> tiene la discreci\u00f3n de actualizar esta pol\u00edtica de privacidad en cualquier momento. Cuando lo hagamos, revisaremos la fecha de actualizaci\u00f3n en la parte inferior de esta p\u00e1gina. Recomendamos a los usuarios que consulten esta p\u00e1gina con frecuencia para conocer los cambios y mantenerse informados sobre c\u00f3mo ayudamos a proteger la informaci\u00f3n personal que recopilamos. Usted reconoce y acepta que es su responsabilidad revisar esta pol\u00edtica de privacidad peri\u00f3dicamente y conocer las modificaciones.<\/p>\n\n\n\n<p><strong>Su aceptaci\u00f3n de estos t\u00e9rminos<\/strong><\/p>\n\n\n\n<p>Al utilizar este sitio, usted manifiesta su aceptaci\u00f3n de esta pol\u00edtica. Si no est\u00e1 de acuerdo con esta pol\u00edtica, no utilice nuestro sitio. Su uso continuo del sitio despu\u00e9s de la publicaci\u00f3n de los cambios a esta pol\u00edtica se considerar\u00e1 su aceptaci\u00f3n de dichos cambios.<\/p>\n","protected":false},"excerpt":{"rendered":"<p>Esta Pol\u00edtica de privacidad rige la manera en que Organizaci\u00f3n CR recopila, usa, mantiene y divulga la informaci\u00f3n recopilada de los usuarios (cada uno, un &#8220;Usuario&#8221;) del sitio web www.ripapropiedades.com.ar. Esta pol\u00edtica de privacidad se aplica al Sitio y a todos los productos y servicios ofrecidos por Organizaci\u00f3n CR. Informaci\u00f3n de identificaci\u00f3n personal Podemos recopilar informaci\u00f3n de identificaci\u00f3n personal de los Usuarios de diversas &#8230;<\/p>\n","protected":false},"author":1,"featured_media":27478,"parent":0,"menu_order":0,"comment_status":"closed","ping_status":"closed","template":"","meta":{"footnotes":""},"class_list":["post-18153","page","type-page","status-publish","has-post-thumbnail","hentry"],"_links":{"self":[{"href":"https:\/\/ripapropiedades.com.ar\/index.php\/wp-json\/wp\/v2\/pages\/18153","targetHints":{"allow":["GET"]}}],"collection":[{"href":"https:\/\/ripapropiedades.com.ar\/index.php\/wp-json\/wp\/v2\/pages"}],"about":[{"href":"https:\/\/ripapropiedades.com.ar\/index.php\/wp-json\/wp\/v2\/types\/page"}],"author":[{"embeddable":true,"href":"https:\/\/ripapropiedades.com.ar\/index.php\/wp-json\/wp\/v2\/users\/1"}],"replies":[{"embeddable":true,"href":"https:\/\/ripapropiedades.com.ar\/index.php\/wp-json\/wp\/v2\/comments?post=18153"}],"version-history":[{"count":3,"href":"https:\/\/ripapropiedades.com.ar\/index.php\/wp-json\/wp\/v2\/pages\/18153\/revisions"}],"predecessor-version":[{"id":27761,"href":"https:\/\/ripapropiedades.com.ar\/index.php\/wp-json\/wp\/v2\/pages\/18153\/revisions\/27761"}],"wp:featuredmedia":[{"embeddable":true,"href":"https:\/\/ripapropiedades.com.ar\/index.php\/wp-json\/wp\/v2\/media\/27478"}],"wp:attachment":[{"href":"https:\/\/ripapropiedades.com.ar\/index.php\/wp-json\/wp\/v2\/media?parent=18153"}],"curies":[{"name":"wp","href":"https:\/\/api.w.org\/{rel}","templated":true}]}}